{"id":358,"date":"2025-11-02T13:35:34","date_gmt":"2025-11-02T13:35:34","guid":{"rendered":"https:\/\/soundlight.studio\/?page_id=358"},"modified":"2025-11-02T17:22:26","modified_gmt":"2025-11-02T17:22:26","slug":"impressum","status":"publish","type":"page","link":"https:\/\/soundlight.studio\/index.php\/impressum\/","title":{"rendered":"Impressum"},"content":{"rendered":"\n<ul class=\"wp-block-list\">\n<li><\/li>\n<\/ul>\n\n\n\n<p>Impressum<br>Angaben gem\u00e4\u00df \u00a7 5 TMG:<br>SoundLight Studios<br>Rene Marco Pourie<br>Pankratiusstr 21<br>59227 Ahlen-Vorhelm<\/p>\n\n\n\n<p>Tel.: +49 (0) 2528-9690460<br>E-Mail: hey[at]soundlight.studio<\/p>\n\n\n\n<p>Verantwortlich f\u00fcr den Inhalt nach \u00a7 55 Abs. 2 RStV:<br>Rene Marco Pourie<br>Pankratiusstr. 21<br>59227 Ahlen-Vorhelm<\/p>\n\n\n\n<p>COPYRIGHT<br>S\u00e4mtliche Texte, Bilder und andere auf der Internetseite ver\u00f6ffentlichten Werke unterliegen \u2013 sofern nicht anders gekennzeichnet \u2013 dem Copyright von SoundLight Studios. Jede Vervielf\u00e4ltigung, Verbreitung, Speicherung, \u00dcbermittlung, Sendung und Wieder- bzw. Weitergabe der Inhalte ist ohne schriftliche Genehmigung von Rene Marco Pourie ausdr\u00fccklich untersagt. Es darf lediglich eine Kopie der auf dieser Internetseite vorgefundenen Informationen auf einen einzigen Computer f\u00fcr den pers\u00f6nlichen, nicht-kommerziellen und internen Gebrauch heruntergeladen werden.<\/p>\n\n\n\n<p>Logos, Grafiken, Text, Bilder oder Videos auf diesen Internetseiten d\u00fcrfen nur nach vorheriger schriftlicher Genehmigung durch SoundLight Studios kopiert, vervielf\u00e4ltigt, ge\u00e4ndert, ver\u00f6ffentlicht, heruntergeladen, versendet, \u00fcbertragen oder auf sonstige Weise genutzt werden.<\/p>\n\n\n\n<p>SoundLight Studios ist eingetragenes Mitglied bei der GEMA.<\/p>\n\n\n\n<p>Mitgliedsnummer: 23970**<\/p>\n\n\n\n<p>Wir sind selbst Distributor unserer Werke und f\u00fchren auf Wunsch unserer K\u00fcnstler mit denen wir Vertraglich verbunden sind, auch die Distribution Ihrer Werke aus.<\/p>\n","protected":false},"excerpt":{"rendered":"<p>ImpressumAngaben gem\u00e4\u00df \u00a7 5 TMG:SoundLight StudiosRene Marco PouriePankratiusstr 2159227 Ahlen-Vorhelm Tel.: +49 (0) 2528-9690460E-Mail: hey[at]soundlight.studio Verantwortlich f\u00fcr den Inhalt nach \u00a7 55 Abs. 2 RStV:Rene Marco PouriePankratiusstr. 2159227 Ahlen-Vorhelm COPYRIGHTS\u00e4mtliche Texte, Bilder und andere auf der Internetseite ver\u00f6ffentlichten Werke unterliegen \u2013 sofern nicht anders gekennzeichnet \u2013 dem Copyright von SoundLight Studios. Jede Vervielf\u00e4ltigung, Verbreitung, Speicherung, &hellip; <\/p>\n<p class=\"link-more\"><a href=\"https:\/\/soundlight.studio\/index.php\/impressum\/\" class=\"more-link\">Continue reading<span class=\"screen-reader-text\"> &#8220;Impressum&#8221;<\/span><\/a><\/p>\n","protected":false},"author":1,"featured_media":0,"parent":0,"menu_order":0,"comment_status":"closed","ping_status":"closed","template":"","meta":{"footnotes":""},"class_list":["post-358","page","type-page","status-publish","hentry"],"jetpack_sharing_enabled":true,"_links":{"self":[{"href":"https:\/\/soundlight.studio\/index.php\/wp-json\/wp\/v2\/pages\/358","targetHints":{"allow":["GET"]}}],"collection":[{"href":"https:\/\/soundlight.studio\/index.php\/wp-json\/wp\/v2\/pages"}],"about":[{"href":"https:\/\/soundlight.studio\/index.php\/wp-json\/wp\/v2\/types\/page"}],"author":[{"embeddable":true,"href":"https:\/\/soundlight.studio\/index.php\/wp-json\/wp\/v2\/users\/1"}],"replies":[{"embeddable":true,"href":"https:\/\/soundlight.studio\/index.php\/wp-json\/wp\/v2\/comments?post=358"}],"version-history":[{"count":2,"href":"https:\/\/soundlight.studio\/index.php\/wp-json\/wp\/v2\/pages\/358\/revisions"}],"predecessor-version":[{"id":373,"href":"https:\/\/soundlight.studio\/index.php\/wp-json\/wp\/v2\/pages\/358\/revisions\/373"}],"wp:attachment":[{"href":"https:\/\/soundlight.studio\/index.php\/wp-json\/wp\/v2\/media?parent=358"}],"curies":[{"name":"wp","href":"https:\/\/api.w.org\/{rel}","templated":true}]}}